{"id":657,"date":"2022-07-15T15:08:53","date_gmt":"2022-07-15T15:08:53","guid":{"rendered":"https:\/\/www.abogadosbr.com\/politica-de-cookies\/"},"modified":"2022-07-26T12:43:25","modified_gmt":"2022-07-26T12:43:25","slug":"politica-de-cookies","status":"publish","type":"page","link":"https:\/\/www.abogadosbr.com\/ca\/politica-de-cookies\/","title":{"rendered":"Pol\u00edtica de Cookies"},"content":{"rendered":"<div class=\"fusion-fullwidth fullwidth-box fusion-builder-row-1 fusion-flex-container has-pattern-background has-mask-background nonhundred-percent-fullwidth non-hundred-percent-height-scrolling\" style=\"--awb-border-radius-top-left:0px;--awb-border-radius-top-right:0px;--awb-border-radius-bottom-right:0px;--awb-border-radius-bottom-left:0px;--awb-padding-top:50px;--awb-flex-wrap:wrap;\" ><div class=\"fusion-builder-row fusion-row fusion-flex-align-items-flex-start fusion-flex-content-wrap\" style=\"max-width:1216.8px;margin-left: calc(-4% \/ 2 );margin-right: calc(-4% \/ 2 );\"><div class=\"fusion-layout-column fusion_builder_column fusion-builder-column-0 fusion_builder_column_1_1 1_1 fusion-flex-column\" style=\"--awb-bg-size:cover;--awb-width-large:100%;--awb-margin-top-large:0px;--awb-spacing-right-large:1.92%;--awb-margin-bottom-large:20px;--awb-spacing-left-large:1.92%;--awb-width-medium:100%;--awb-order-medium:0;--awb-spacing-right-medium:1.92%;--awb-spacing-left-medium:1.92%;--awb-width-small:100%;--awb-order-small:0;--awb-spacing-right-small:1.92%;--awb-spacing-left-small:1.92%;\"><div class=\"fusion-column-wrapper fusion-column-has-shadow fusion-flex-justify-content-flex-start fusion-content-layout-column\"><div class=\"fusion-text fusion-text-1\"><p>La present Pol\u00edtica informa sobre la utilitzaci\u00f3 de cookies a trav\u00e9s del portal abogadosbr.com (d&#8217;ara endavant, el \u201c<strong>Portal<\/strong>\u201d). El responsable del Portal es (d&#8217;ara endavant, \u00ab<strong>BERTSCHI &amp; RUBIO ABOGADOS\u00bb o \u201cNosaltres\u201d<\/strong>).<\/p>\n<p>Aquesta Pol\u00edtica de Cookies resulta d&#8217;aplicaci\u00f3 als usuaris que accedeixin i utilitzin el Portal (<strong>\u00abUsuaris\u00bb o \u00abVost\u00e8\u00bb<\/strong>). La utilitzaci\u00f3 del Portal implica el coneixement i acceptaci\u00f3 de les Cookies a les quals es refereix aquesta Pol\u00edtica.<\/p>\n<p><strong>Qu\u00e8 \u00e9s una Cookie?<\/strong><\/p>\n<p>Una cookie \u00e9s un fitxer que es descarrega en l&#8217;equip de l&#8217;Usuari en accedir a determinades p\u00e0gines web. Les cookies permeten a una p\u00e0gina web, entre altres coses, emmagatzemar i recuperar informaci\u00f3 sobre els h\u00e0bits de navegaci\u00f3 d&#8217;un usuari o del seu equip i, depenent de la informaci\u00f3 que continguin i de la forma en qu\u00e8 utilitzi el seu equip, poden utilitzar-se per a recon\u00e8ixer al usuari.<\/p>\n<p>Les cookies, en funci\u00f3 de qui gestiona l&#8217;equip o domini des de les quals s&#8217;envien, poden dividir-se en cookies pr\u00f2pies (gestionades per un equip o domini gestionat pel propi editor del lloc web) o cookies de tercers (gestionats per terceres entitats que tracten les dades obtingudes a trav\u00e9s d&#8217;aquestes).<\/p>\n<p>Segons el termini de temps que romanen activades, pot distingir-se entre cookies de sessi\u00f3 (dissenyades per a recaptar i emmagatzemar dades mentre l&#8217;usuari accedeix a una p\u00e0gina web) i cookies persistents (en les quals les dades segueixen emmagatzemats en el terminal i poden ser accedits i tractats durant un per\u00edode definit pel responsable de la cookie).<\/p>\n<p><strong>Quins tipus de cookies utilitza la p\u00e0gina web de BERTSCHI &amp; RUBIO ABOGADOS?<\/strong><\/p>\n<p>A m\u00e9s de les cookies estrictament necess\u00e0ries per al seu correcte funcionament, el Portal utilitza les seg\u00fcents cookies:<\/p>\n<p><strong>Cookies d&#8217;an\u00e0lisis<\/strong>: s\u00f3n aquelles que ens permeten quantificar el nombre d&#8217;Usuaris i aix\u00ed realitzar el mesurament i an\u00e0lisi estad\u00edstica de la utilitzaci\u00f3 que fan del servei ofert. Per a aix\u00f2 s&#8217;analitza la seva navegaci\u00f3 en el nostre Portal amb la finalitat d&#8217;introduir millores en el funcionament del mateix i\/o millorar els productes o serveis oferts. En particular, utilitzem les seg\u00fcents cookies d&#8217;an\u00e0lisis<\/p>\n<ul>\n<li><strong>Cookies de Google Analytics<\/strong>. A trav\u00e9s de Google Analytics s&#8217;obt\u00e9 informaci\u00f3 que ens permet mesurar com interactuen els Usuaris amb el contingut del Portal<br \/>\nOrigen: Google Inc.<br \/>\nDurada: 2 anys<br \/>\nM\u00e9s informaci\u00f3 aqu\u00ed: <a href=\"https:\/\/developers.google.com\/analytics\/devguides\/collection\/analyticsjs\/cookie-usage?hl=es\">https:\/\/developers.google.com\/analytics\/devguides\/collection\/analyticsjs\/cookie-usage?hl=es<\/a><\/li>\n<li><strong>Cookies de SumoMe<\/strong>. A trav\u00e9s de Google Analytics s&#8217;obt\u00e9 informaci\u00f3 que ens permet mesurar com interactuen els Usuaris amb el contingut del Portal<br \/>\nOrigen: SumoMe<br \/>\nM\u00e9s informaci\u00f3 aqu\u00ed: <a href=\"https:\/\/help.sumo.com\/hc\/en-us\/articles\/218958727-Privacy-Policy\">https:\/\/help.sumo.com\/hc\/en-us\/articles\/218958727-Privacy-Policy<\/a><\/li>\n<\/ul>\n<p><strong>Cookies publicit\u00e0ries :<\/strong> s\u00f3n aquelles que ens permeten gestionar de la forma m\u00e9s efica\u00e7 possible l&#8217;oferta dels espais publicitaris que hi ha en el Portal, sobre la base de criteris com el contingut editat o la freq\u00fc\u00e8ncia amb qu\u00e8 es mostren els anuncis.<\/p>\n<ul>\n<li><strong>De DoubleClick by Google:<\/strong> Cookies Publicit\u00e0ries de Google que s&#8217;usen per a l&#8217;estudi de l&#8217;audi\u00e8ncia, obtenint informaci\u00f3 sobre la seva navegaci\u00f3, recopilant dades de manera an\u00f2nima que permeten oferir publicitat basada en la navegaci\u00f3 realitzada.<br \/>\nOrigen: Google Inc.<br \/>\nEn el seg\u00fcent enlla\u00e7 es pot trobar m\u00e9s informaci\u00f3 sobre l&#8217;\u00fas que Google realitza de les cookies de DoubleClick:<br \/>\nM\u00e9s informaci\u00f3 aqu\u00ed: <a href=\"https:\/\/support.google.com\/adsense\/answer\/2839090?hl=es\">https:\/\/support.google.com\/adsense\/answer\/2839090?hl=es<\/a><\/li>\n<\/ul>\n<p><strong>Cookies publicitat comportamental:<\/strong> s\u00f3n aquelles que ens permeten gestionar de la forma m\u00e9s efica\u00e7 possible l&#8217;oferta dels espais publicitaris que hi ha en el Portal, adequant el contingut de l&#8217;anunci al contingut del servei sol\u00b7licitat o a l&#8217;\u00fas que realitzi del nostre Portal. Per a aix\u00f2 podem analitzar els seus h\u00e0bits de navegaci\u00f3 en Internet i podem mostrar-li publicitat relacionada amb el seu perfil de navegaci\u00f3.<\/p>\n<ul>\n<li><strong>Cookies de Facebook Custom Audience i P\u00edxel de Facebook.<\/strong> Serveixen per a dirigir anuncis a l&#8217;usuari sobre els productes o b\u00e9 serveis que l&#8217;usuari ha visitat, comprat i\/o empleat en una p\u00e0gina concreta de la Web. Tamb\u00e9, deixen limitar el nombre de vegades que es mostra un anunci, de tal forma que l&#8217;usuari no vegi exactament el mateix anunci una i una altra vegada. Aix\u00ed mateix s&#8217;empren aquestes cookies per a mesurar l&#8217;acompliment de les campanyes de publicitat de negocis que empren els serveis de Facebook<br \/>\nOrigen: Facebook.<br \/>\nDurada: 2 anys<br \/>\nM\u00e9s informaci\u00f3 aqu\u00ed: <a href=\"https:\/\/www.facebook.com\/privacy\/explanation\">https:\/\/www.facebook.com\/privacy\/explanation<\/a><\/li>\n<li><strong>Cookies de Zoho CRM.<\/strong> Serveix per a les comunicacions de correu<br \/>\nM\u00e9s informaci\u00f3 aqu\u00ed: <a href=\"https:\/\/www.zoho.com\/es-xl\/privacy.html\">https:\/\/www.zoho.com\/es-xl\/privacy.html<\/a><\/li>\n<\/ul>\n<p><strong>Cookies de xarxes socials externes<\/strong>: s&#8217;utilitzen perqu\u00e8 els visitants puguin interactuar amb el contingut de diferents plataformes socials (Facebook, YouTube, Twitter, LinkedIn, Instagram, etc.) i que es generen \u00fanicament per als usuaris d&#8217;aquestes xarxes socials. Les condicions d&#8217;utilitzaci\u00f3 d&#8217;aquestes cookies i la informaci\u00f3 recopilada es regulen per la pol\u00edtica de privacitat de la plataforma social corresponent. Compartir el contingut en xarxes socials. Registra les dades de reproducci\u00f3 de v\u00eddeos.<\/p>\n<ul>\n<li>Facebook: <a href=\"https:\/\/www.facebook.com\/help\/cookies\/\">https:\/\/www.facebook.com\/help\/cookies\/<\/a><\/li>\n<li>Google+: <a href=\"https:\/\/www.google.com\/intl\/es_es\/policies\/technologies\/types\/\">https:\/\/www.google.com\/intl\/es_es\/policies\/technologies\/types\/<\/a><\/li>\n<li>Twitter: <a href=\"https:\/\/support.twitter.com\/articles\/20170521-el-uso-que-hace-twitter-de-cookies-y-tecnologias-similares\">https:\/\/support.twitter.com\/articles\/20170521-el-uso-que-hace-twitter-de-cookies-y-tecnologias-similares#<\/a><\/li>\n<li>Instagram: <a href=\"https:\/\/www.instagram.com\/legal\/cookies\/\">https:\/\/www.instagram.com\/legal\/cookies\/<\/a><\/li>\n<li>Pinterest: <a href=\"https:\/\/about.pinterest.com\/es\/cookies-pinterest\">https:\/\/about.pinterest.com\/es\/cookies-pinterest<\/a><\/li>\n<li>Linkedin: <a href=\"https:\/\/www.linkedin.com\/legal\/privacy-policy?_l=es_ES\">https:\/\/www.linkedin.com\/legal\/privacy-policy?_l=es_ES<\/a><\/li>\n<li>Youtube: <a href=\"https:\/\/www.youtube.com\/intl\/es\/yt\/about\/policies\/#community-guidelines\">https:\/\/www.youtube.com\/intl\/es\/yt\/about\/policies\/#community-guidelines<\/a><\/li>\n<li>Vimeo: <a href=\"https:\/\/vimeo.com\/privacy\">https:\/\/vimeo.com\/privacy<\/a><\/li>\n<li>Addthis: <a href=\"http:\/\/www.addthis.com\/privacy\">http:\/\/www.addthis.com\/privacy<\/a><\/li>\n<\/ul>\n<p><strong>Cookies personalitzaci\u00f3:<\/strong> s\u00f3n aquelles que permeten a l&#8217;Usuari accedir al servei amb algunes caracter\u00edstiques de car\u00e0cter general predefinides en funci\u00f3 d&#8217;una s\u00e8rie de criteris en el terminal de l&#8217;usuari com per exemple serien l&#8217;idioma, el tipus de navegador a trav\u00e9s del qual accedeix al servei, la configuraci\u00f3 regional des d&#8217;on s&#8217;accedeix al servei, etc.<\/p>\n<p><strong>Cookies pr\u00f2pies:<\/strong> S\u00f3n aquelles que s&#8217;envien a l&#8217;equip terminal de l&#8217;usuari des d&#8217;un equip o domini gestionat per BERTSCHI &amp; RUBIO ABOGADOS i des del qual es presta el servei sol\u00b7licitat per l&#8217;usuari.<\/p>\n<ul>\n<li><strong>Cookies de Sessi\u00f3.<\/strong> Necess\u00e0ries per al correcte \u00fas de la p\u00e0gina web, la navegaci\u00f3 de manera ininterrompuda recordant opcions d&#8217;idioma o pa\u00eds.<\/li>\n<li><strong>Cookies T\u00e8cniques.<\/strong> Emmagatzemen informaci\u00f3 gen\u00e8rica i an\u00f2nima que no inclou dades de car\u00e0cter personal l&#8217;objectiu del qual \u00e9s garantir el funcionament de la web.<\/li>\n<li><strong>Cookies de Registre.<\/strong> Es creen amb el registre d&#8217;un usuari (login). S&#8217;utilitzen per a identificar a l&#8217;usuari una vegada s&#8217;ha autenticat dins dels Llocs web.<\/li>\n<\/ul>\n<p><strong>Desactivaci\u00f3 o eliminaci\u00f3 de cookies<\/strong><\/p>\n<p>Pot vost\u00e8 permetre, bloquejar o eliminar les cookies instal\u00b7lades en el seu equip mitjan\u00e7ant la configuraci\u00f3 de les opcions del navegador instal\u00b7lat en la seva ordenadora\/tauleta\/tel\u00e8fon intel\u00b7ligent.<\/p>\n<p>Per a m\u00e9s informaci\u00f3 sobre Internet Explorer premi <a href=\"https:\/\/support.microsoft.com\/es-es\/help\/17442\/windows-internet-explorer-delete-manage-cookies\">aqu\u00ed.<\/a><\/p>\n<p>Per a m\u00e9s informaci\u00f3 sobre Google Chrome premi <a href=\"https:\/\/support.google.com\/chrome\/answer\/95647?hl=es&amp;ref_topic=3434352\">aqu\u00ed.<\/a><\/p>\n<p>Per a m\u00e9s informaci\u00f3 sobre Firefox premi <a href=\"https:\/\/support.mozilla.org\/es\/kb\/habilitar-y-deshabilitar-cookies-sitios-web-rastrear-preferencias\">aqu\u00ed.<\/a><\/p>\n<p>Per a m\u00e9s informaci\u00f3 sobre Safari premi <a href=\"https:\/\/support.apple.com\/kb\/PH21411?viewlocale=es_ES&amp;locale=es_ES\">aqu\u00ed.<\/a><\/p>\n<p>Per a m\u00e9s informaci\u00f3 sobre Opera premi <a href=\"http:\/\/help.opera.com\/Windows\/11.50\/es-ES\/cookies.html\">aqu\u00ed.<\/a><\/p>\n<p><strong>Consentiment<\/strong><\/p>\n<p>En navegar pel nostre lloc web, Vost\u00e8 accepta la instal\u00b7laci\u00f3 i utilitzaci\u00f3 de les cookies.<\/p>\n<p>Vost\u00e8 pot retirar el seu consentiment pr\u00e8viament atorgat en qualsevol moment eliminant les cookies instal\u00b7lades en el seu equip mitjan\u00e7ant la configuraci\u00f3 de les opcions del navegador, tal com s&#8217;indica en l&#8217;apartat \u201cdesactivaci\u00f3 o eliminaci\u00f3 de cookies\u201d. No obstant aix\u00f2, l&#8217;informem que aix\u00f2 pot impactar en les funcionalitats de la web, fent la seva experi\u00e8ncia com a usuari menys satisfact\u00f2ria<\/p>\n<p><strong>Actualitzacions i canvis en la Pol\u00edtica de Cookies<\/strong><\/p>\n<p>BERTSCHI &amp; RUBIO ABOGADOS es reserva el dret a introduir modificacions en aquesta Pol\u00edtica de Cookies, per aix\u00f2 s&#8217;aconsella als Usuaris que la visitin peri\u00f2dicament.<\/p>\n<p>Quan es produeixin canvis significatius en aquesta Pol\u00edtica de Cookies, es comunicaran als Usuaris per a la seva acceptaci\u00f3 mitjan\u00e7ant avisos en el Portal o a trav\u00e9s de correu electr\u00f2nic o b\u00e9 trav\u00e9s de qualsevol altre procediment adequat segons les circumst\u00e0ncies.<\/p>\n<p>Si t\u00e9 dubtes sobre aquesta Pol\u00edtica de Cookies, pot contactar amb nosaltres en aquest correu electr\u00f2nic: <a href=\"mailto:br@b-r.biz\">br@b-r.biz<\/a><\/p>\n<\/div><\/div><\/div><\/div><\/div>\n","protected":false},"excerpt":{"rendered":"","protected":false},"author":1,"featured_media":0,"parent":0,"menu_order":0,"comment_status":"closed","ping_status":"closed","template":"100-width.php","meta":{"footnotes":""},"class_list":["post-657","page","type-page","status-publish","hentry"],"aioseo_notices":[],"_links":{"self":[{"href":"https:\/\/www.abogadosbr.com\/ca\/wp-json\/wp\/v2\/pages\/657","targetHints":{"allow":["GET"]}}],"collection":[{"href":"https:\/\/www.abogadosbr.com\/ca\/wp-json\/wp\/v2\/pages"}],"about":[{"href":"https:\/\/www.abogadosbr.com\/ca\/wp-json\/wp\/v2\/types\/page"}],"author":[{"embeddable":true,"href":"https:\/\/www.abogadosbr.com\/ca\/wp-json\/wp\/v2\/users\/1"}],"replies":[{"embeddable":true,"href":"https:\/\/www.abogadosbr.com\/ca\/wp-json\/wp\/v2\/comments?post=657"}],"version-history":[{"count":2,"href":"https:\/\/www.abogadosbr.com\/ca\/wp-json\/wp\/v2\/pages\/657\/revisions"}],"predecessor-version":[{"id":659,"href":"https:\/\/www.abogadosbr.com\/ca\/wp-json\/wp\/v2\/pages\/657\/revisions\/659"}],"wp:attachment":[{"href":"https:\/\/www.abogadosbr.com\/ca\/wp-json\/wp\/v2\/media?parent=657"}],"curies":[{"name":"wp","href":"https:\/\/api.w.org\/{rel}","templated":true}]}}