{"id":615,"date":"2022-07-19T08:34:11","date_gmt":"2022-07-19T08:34:11","guid":{"rendered":"https:\/\/www.abogadosbr.com\/serveis-advocats-barcelona\/advocats-herencia\/particio-dherencia\/"},"modified":"2022-07-22T10:39:00","modified_gmt":"2022-07-22T10:39:00","slug":"particio-dherencia","status":"publish","type":"page","link":"https:\/\/www.abogadosbr.com\/ca\/serveis-advocats-barcelona\/advocats-herencia\/particio-dherencia\/","title":{"rendered":"Partici\u00f3 d&#8217;Her\u00e8ncia"},"content":{"rendered":"<div class=\"fusion-fullwidth fullwidth-box fusion-builder-row-1 fusion-flex-container has-pattern-background has-mask-background nonhundred-percent-fullwidth non-hundred-percent-height-scrolling\" style=\"--awb-border-radius-top-left:0px;--awb-border-radius-top-right:0px;--awb-border-radius-bottom-right:0px;--awb-border-radius-bottom-left:0px;--awb-padding-top:90px;--awb-padding-bottom:90px;--awb-flex-wrap:wrap;\" ><div class=\"fusion-builder-row fusion-row fusion-flex-align-items-flex-start fusion-flex-content-wrap\" style=\"max-width:1216.8px;margin-left: calc(-4% \/ 2 );margin-right: calc(-4% \/ 2 );\"><div class=\"fusion-layout-column fusion_builder_column fusion-builder-column-0 fusion_builder_column_1_1 1_1 fusion-flex-column\" style=\"--awb-bg-size:cover;--awb-width-large:100%;--awb-margin-top-large:0px;--awb-spacing-right-large:1.92%;--awb-margin-bottom-large:0px;--awb-spacing-left-large:1.92%;--awb-width-medium:100%;--awb-order-medium:0;--awb-spacing-right-medium:1.92%;--awb-spacing-left-medium:1.92%;--awb-width-small:100%;--awb-order-small:0;--awb-spacing-right-small:1.92%;--awb-spacing-left-small:1.92%;\"><div class=\"fusion-column-wrapper fusion-column-has-shadow fusion-flex-justify-content-flex-start fusion-content-layout-column\"><div class=\"fusion-text fusion-text-1\"><p>Tant si existeix com si no existeix testament, si els beneficiaris aconsegueixen un acord per a dividir l&#8217;her\u00e8ncia, la partici\u00f3 i adjudicaci\u00f3 dels b\u00e9ns es podr\u00e0 efectuar davant Notari.<br \/>\nSi <strong>no existeix acord<\/strong> entre els beneficiaris de l&#8217;her\u00e8ncia, la partici\u00f3 es dur\u00e0 a terme o podr\u00e0 ser impugnada judicialment.<\/p>\n<\/div><\/div><\/div><\/div><\/div>\n","protected":false},"excerpt":{"rendered":"","protected":false},"author":1,"featured_media":0,"parent":517,"menu_order":0,"comment_status":"closed","ping_status":"closed","template":"100-width.php","meta":{"footnotes":""},"class_list":["post-615","page","type-page","status-publish","hentry"],"aioseo_notices":[],"_links":{"self":[{"href":"https:\/\/www.abogadosbr.com\/ca\/wp-json\/wp\/v2\/pages\/615","targetHints":{"allow":["GET"]}}],"collection":[{"href":"https:\/\/www.abogadosbr.com\/ca\/wp-json\/wp\/v2\/pages"}],"about":[{"href":"https:\/\/www.abogadosbr.com\/ca\/wp-json\/wp\/v2\/types\/page"}],"author":[{"embeddable":true,"href":"https:\/\/www.abogadosbr.com\/ca\/wp-json\/wp\/v2\/users\/1"}],"replies":[{"embeddable":true,"href":"https:\/\/www.abogadosbr.com\/ca\/wp-json\/wp\/v2\/comments?post=615"}],"version-history":[{"count":2,"href":"https:\/\/www.abogadosbr.com\/ca\/wp-json\/wp\/v2\/pages\/615\/revisions"}],"predecessor-version":[{"id":617,"href":"https:\/\/www.abogadosbr.com\/ca\/wp-json\/wp\/v2\/pages\/615\/revisions\/617"}],"up":[{"embeddable":true,"href":"https:\/\/www.abogadosbr.com\/ca\/wp-json\/wp\/v2\/pages\/517"}],"wp:attachment":[{"href":"https:\/\/www.abogadosbr.com\/ca\/wp-json\/wp\/v2\/media?parent=615"}],"curies":[{"name":"wp","href":"https:\/\/api.w.org\/{rel}","templated":true}]}}