{"id":612,"date":"2022-07-19T08:28:22","date_gmt":"2022-07-19T08:28:22","guid":{"rendered":"https:\/\/www.abogadosbr.com\/serveis-advocats-barcelona\/advocats-herencia\/declaracions-dhereus-judicials-i-notarials\/"},"modified":"2022-07-22T10:37:01","modified_gmt":"2022-07-22T10:37:01","slug":"declaracions-dhereus-judicials-i-notarials","status":"publish","type":"page","link":"https:\/\/www.abogadosbr.com\/ca\/serveis-advocats-barcelona\/advocats-herencia\/declaracions-dhereus-judicials-i-notarials\/","title":{"rendered":"Declaracions d&#8217;Hereus Judicials i Notarials"},"content":{"rendered":"<div class=\"fusion-fullwidth fullwidth-box fusion-builder-row-1 fusion-flex-container has-pattern-background has-mask-background nonhundred-percent-fullwidth non-hundred-percent-height-scrolling\" style=\"--awb-border-radius-top-left:0px;--awb-border-radius-top-right:0px;--awb-border-radius-bottom-right:0px;--awb-border-radius-bottom-left:0px;--awb-padding-top:90px;--awb-padding-bottom:90px;--awb-flex-wrap:wrap;\" ><div class=\"fusion-builder-row fusion-row fusion-flex-align-items-flex-start fusion-flex-content-wrap\" style=\"max-width:1216.8px;margin-left: calc(-4% \/ 2 );margin-right: calc(-4% \/ 2 );\"><div class=\"fusion-layout-column fusion_builder_column fusion-builder-column-0 fusion_builder_column_1_1 1_1 fusion-flex-column\" style=\"--awb-bg-size:cover;--awb-width-large:100%;--awb-margin-top-large:0px;--awb-spacing-right-large:1.92%;--awb-margin-bottom-large:0px;--awb-spacing-left-large:1.92%;--awb-width-medium:100%;--awb-order-medium:0;--awb-spacing-right-medium:1.92%;--awb-spacing-left-medium:1.92%;--awb-width-small:100%;--awb-order-small:0;--awb-spacing-right-small:1.92%;--awb-spacing-left-small:1.92%;\"><div class=\"fusion-column-wrapper fusion-column-has-shadow fusion-flex-justify-content-flex-start fusion-content-layout-column\"><div class=\"fusion-text fusion-text-1\"><p>La <strong>declaraci\u00f3 d&#8217;hereus<\/strong>, expressi\u00f3 de la voluntat del testador o per designaci\u00f3 de la Llei que es realitza abans o despr\u00e9s de la mort del causant (abintestat), en la qual es nomenen els hereus del testador o posteriorment a la defunci\u00f3. El nomenament d&#8217;hereus pot fer-se mitjan\u00e7ant testament, en les seves diverses formes (notarial, hol\u00f2graf, etc.) o posteriorment una vegada ocorregut la defunci\u00f3 (declaraci\u00f3 d&#8217;hereus abintestat), notarialment o judicialment.<\/p>\n<\/div><\/div><\/div><\/div><\/div>\n","protected":false},"excerpt":{"rendered":"","protected":false},"author":1,"featured_media":0,"parent":517,"menu_order":0,"comment_status":"closed","ping_status":"closed","template":"100-width.php","meta":{"footnotes":""},"class_list":["post-612","page","type-page","status-publish","hentry"],"aioseo_notices":[],"_links":{"self":[{"href":"https:\/\/www.abogadosbr.com\/ca\/wp-json\/wp\/v2\/pages\/612","targetHints":{"allow":["GET"]}}],"collection":[{"href":"https:\/\/www.abogadosbr.com\/ca\/wp-json\/wp\/v2\/pages"}],"about":[{"href":"https:\/\/www.abogadosbr.com\/ca\/wp-json\/wp\/v2\/types\/page"}],"author":[{"embeddable":true,"href":"https:\/\/www.abogadosbr.com\/ca\/wp-json\/wp\/v2\/users\/1"}],"replies":[{"embeddable":true,"href":"https:\/\/www.abogadosbr.com\/ca\/wp-json\/wp\/v2\/comments?post=612"}],"version-history":[{"count":2,"href":"https:\/\/www.abogadosbr.com\/ca\/wp-json\/wp\/v2\/pages\/612\/revisions"}],"predecessor-version":[{"id":614,"href":"https:\/\/www.abogadosbr.com\/ca\/wp-json\/wp\/v2\/pages\/612\/revisions\/614"}],"up":[{"embeddable":true,"href":"https:\/\/www.abogadosbr.com\/ca\/wp-json\/wp\/v2\/pages\/517"}],"wp:attachment":[{"href":"https:\/\/www.abogadosbr.com\/ca\/wp-json\/wp\/v2\/media?parent=612"}],"curies":[{"name":"wp","href":"https:\/\/api.w.org\/{rel}","templated":true}]}}