{"id":582,"date":"2022-07-15T13:19:38","date_gmt":"2022-07-15T13:19:38","guid":{"rendered":"https:\/\/www.abogadosbr.com\/serveis-advocats-barcelona\/advocats-laboralistes\/trasllats\/"},"modified":"2022-07-22T09:46:36","modified_gmt":"2022-07-22T09:46:36","slug":"trasllats","status":"publish","type":"page","link":"https:\/\/www.abogadosbr.com\/ca\/serveis-advocats-barcelona\/advocats-laboralistes\/trasllats\/","title":{"rendered":"Trasllats"},"content":{"rendered":"<div class=\"fusion-fullwidth fullwidth-box fusion-builder-row-1 fusion-flex-container has-pattern-background has-mask-background nonhundred-percent-fullwidth non-hundred-percent-height-scrolling\" style=\"--awb-border-radius-top-left:0px;--awb-border-radius-top-right:0px;--awb-border-radius-bottom-right:0px;--awb-border-radius-bottom-left:0px;--awb-padding-top:90px;--awb-padding-bottom:90px;--awb-flex-wrap:wrap;\" ><div class=\"fusion-builder-row fusion-row fusion-flex-align-items-flex-start fusion-flex-justify-content-center fusion-flex-content-wrap\" style=\"max-width:1216.8px;margin-left: calc(-4% \/ 2 );margin-right: calc(-4% \/ 2 );\"><div class=\"fusion-layout-column fusion_builder_column fusion-builder-column-0 fusion_builder_column_1_1 1_1 fusion-flex-column\" style=\"--awb-bg-size:cover;--awb-width-large:100%;--awb-margin-top-large:0px;--awb-spacing-right-large:1.92%;--awb-margin-bottom-large:20px;--awb-spacing-left-large:1.92%;--awb-width-medium:100%;--awb-order-medium:0;--awb-spacing-right-medium:1.92%;--awb-spacing-left-medium:1.92%;--awb-width-small:100%;--awb-order-small:0;--awb-spacing-right-small:1.92%;--awb-spacing-left-small:1.92%;\"><div class=\"fusion-column-wrapper fusion-column-has-shadow fusion-flex-justify-content-flex-start fusion-content-layout-column\"><div class=\"fusion-text fusion-text-1\"><p>Quan existeix un trasllat d&#8217;un treballador a un nou centre de treball que li suposi un canvi de resid\u00e8ncia, l&#8217;empresa ha de provar l&#8217;exist\u00e8ncia de causes econ\u00f2miques, t\u00e8cniques organitzatives o de producci\u00f3, podent el treballador rescindir el contracte amb una indemnitzaci\u00f3 de 20 dies per any treballat, sense amb aix\u00f2 se sent perjudicat.<\/p>\n<p>Aquestes accions poden ser impugnades mitjan\u00e7ant demanda davant els Jutjats socials obligant l&#8217;empresa a reposar al treballador en la situaci\u00f3 legal anterior a haver-se produ\u00eft la mesura decidida per l&#8217;empresari.<\/p>\n<\/div><\/div><\/div><\/div><\/div>\n","protected":false},"excerpt":{"rendered":"","protected":false},"author":1,"featured_media":0,"parent":507,"menu_order":0,"comment_status":"closed","ping_status":"closed","template":"100-width.php","meta":{"footnotes":""},"class_list":["post-582","page","type-page","status-publish","hentry"],"aioseo_notices":[],"_links":{"self":[{"href":"https:\/\/www.abogadosbr.com\/ca\/wp-json\/wp\/v2\/pages\/582","targetHints":{"allow":["GET"]}}],"collection":[{"href":"https:\/\/www.abogadosbr.com\/ca\/wp-json\/wp\/v2\/pages"}],"about":[{"href":"https:\/\/www.abogadosbr.com\/ca\/wp-json\/wp\/v2\/types\/page"}],"author":[{"embeddable":true,"href":"https:\/\/www.abogadosbr.com\/ca\/wp-json\/wp\/v2\/users\/1"}],"replies":[{"embeddable":true,"href":"https:\/\/www.abogadosbr.com\/ca\/wp-json\/wp\/v2\/comments?post=582"}],"version-history":[{"count":2,"href":"https:\/\/www.abogadosbr.com\/ca\/wp-json\/wp\/v2\/pages\/582\/revisions"}],"predecessor-version":[{"id":584,"href":"https:\/\/www.abogadosbr.com\/ca\/wp-json\/wp\/v2\/pages\/582\/revisions\/584"}],"up":[{"embeddable":true,"href":"https:\/\/www.abogadosbr.com\/ca\/wp-json\/wp\/v2\/pages\/507"}],"wp:attachment":[{"href":"https:\/\/www.abogadosbr.com\/ca\/wp-json\/wp\/v2\/media?parent=582"}],"curies":[{"name":"wp","href":"https:\/\/api.w.org\/{rel}","templated":true}]}}