{"id":573,"date":"2022-07-15T11:48:46","date_gmt":"2022-07-15T11:48:46","guid":{"rendered":"https:\/\/www.abogadosbr.com\/serveis-advocats-barcelona\/advocats-laboralistes\/accidents-laborals\/"},"modified":"2022-07-22T09:35:13","modified_gmt":"2022-07-22T09:35:13","slug":"accidents-laborals","status":"publish","type":"page","link":"https:\/\/www.abogadosbr.com\/ca\/serveis-advocats-barcelona\/advocats-laboralistes\/accidents-laborals\/","title":{"rendered":"Accidents laborals"},"content":{"rendered":"<div class=\"fusion-fullwidth fullwidth-box fusion-builder-row-1 fusion-flex-container has-pattern-background has-mask-background nonhundred-percent-fullwidth non-hundred-percent-height-scrolling\" style=\"--awb-border-radius-top-left:0px;--awb-border-radius-top-right:0px;--awb-border-radius-bottom-right:0px;--awb-border-radius-bottom-left:0px;--awb-padding-top:90px;--awb-padding-bottom:90px;--awb-flex-wrap:wrap;\" ><div class=\"fusion-builder-row fusion-row fusion-flex-align-items-center fusion-flex-content-wrap\" style=\"max-width:1216.8px;margin-left: calc(-4% \/ 2 );margin-right: calc(-4% \/ 2 );\"><div class=\"fusion-layout-column fusion_builder_column fusion-builder-column-0 fusion_builder_column_1_1 1_1 fusion-flex-column\" style=\"--awb-bg-size:cover;--awb-width-large:100%;--awb-margin-top-large:0px;--awb-spacing-right-large:1.92%;--awb-margin-bottom-large:20px;--awb-spacing-left-large:1.92%;--awb-width-medium:100%;--awb-order-medium:0;--awb-spacing-right-medium:1.92%;--awb-spacing-left-medium:1.92%;--awb-width-small:100%;--awb-order-small:0;--awb-spacing-right-small:1.92%;--awb-spacing-left-small:1.92%;\"><div class=\"fusion-column-wrapper fusion-column-has-shadow fusion-flex-justify-content-flex-start fusion-content-layout-column\"><div class=\"fusion-text fusion-text-1\"><p>El nostre Bufet assistim als nostres clients, ja siguin empreses com a treballadors, en l&#8217;assessorament i reclamaci\u00f3 d&#8217;indemnitzacions per rec\u00e0rrec de prestacions de seguretat social quan hi ha hagut faltes de mesures de seguretat en el treball, aix\u00ed com indemnitzacions per danys i perjudicis ocasionats a conseq\u00fc\u00e8ncia d&#8217;incompliment de la normativa vigent en mat\u00e8ria de prevenci\u00f3 de riscos laborals.<\/p>\n<p>Aix\u00ed mateix tamb\u00e9 assessorem i recorrem les Actes davant la Inspecci\u00f3 de Treball i Seguretat Social que es deriven d&#8217;aquests procediments d&#8217;accident de treball.<\/p>\n<\/div><\/div><\/div><\/div><\/div>\n","protected":false},"excerpt":{"rendered":"","protected":false},"author":1,"featured_media":0,"parent":507,"menu_order":0,"comment_status":"closed","ping_status":"closed","template":"100-width.php","meta":{"footnotes":""},"class_list":["post-573","page","type-page","status-publish","hentry"],"aioseo_notices":[],"_links":{"self":[{"href":"https:\/\/www.abogadosbr.com\/ca\/wp-json\/wp\/v2\/pages\/573","targetHints":{"allow":["GET"]}}],"collection":[{"href":"https:\/\/www.abogadosbr.com\/ca\/wp-json\/wp\/v2\/pages"}],"about":[{"href":"https:\/\/www.abogadosbr.com\/ca\/wp-json\/wp\/v2\/types\/page"}],"author":[{"embeddable":true,"href":"https:\/\/www.abogadosbr.com\/ca\/wp-json\/wp\/v2\/users\/1"}],"replies":[{"embeddable":true,"href":"https:\/\/www.abogadosbr.com\/ca\/wp-json\/wp\/v2\/comments?post=573"}],"version-history":[{"count":2,"href":"https:\/\/www.abogadosbr.com\/ca\/wp-json\/wp\/v2\/pages\/573\/revisions"}],"predecessor-version":[{"id":575,"href":"https:\/\/www.abogadosbr.com\/ca\/wp-json\/wp\/v2\/pages\/573\/revisions\/575"}],"up":[{"embeddable":true,"href":"https:\/\/www.abogadosbr.com\/ca\/wp-json\/wp\/v2\/pages\/507"}],"wp:attachment":[{"href":"https:\/\/www.abogadosbr.com\/ca\/wp-json\/wp\/v2\/media?parent=573"}],"curies":[{"name":"wp","href":"https:\/\/api.w.org\/{rel}","templated":true}]}}