{"id":504,"date":"2022-07-13T15:03:00","date_gmt":"2022-07-13T15:03:00","guid":{"rendered":"https:\/\/www.abogadosbr.com\/serveis-advocats-barcelona\/"},"modified":"2022-09-06T11:18:18","modified_gmt":"2022-09-06T11:18:18","slug":"serveis-advocats-barcelona","status":"publish","type":"page","link":"https:\/\/www.abogadosbr.com\/ca\/serveis-advocats-barcelona\/","title":{"rendered":"Serveis Advocats Barcelona"},"content":{"rendered":"<p><div class=\"fusion-fullwidth fullwidth-box fusion-builder-row-1 fusion-flex-container has-pattern-background has-mask-background nonhundred-percent-fullwidth non-hundred-percent-height-scrolling\" style=\"--awb-border-radius-top-left:0px;--awb-border-radius-top-right:0px;--awb-border-radius-bottom-right:0px;--awb-border-radius-bottom-left:0px;--awb-padding-top:70px;--awb-flex-wrap:wrap;\" ><div class=\"fusion-builder-row fusion-row fusion-flex-align-items-flex-start fusion-flex-content-wrap\" style=\"max-width:1216.8px;margin-left: calc(-4% \/ 2 );margin-right: calc(-4% \/ 2 );\"><div class=\"fusion-layout-column fusion_builder_column fusion-builder-column-0 fusion_builder_column_1_1 1_1 fusion-flex-column\" style=\"--awb-bg-size:cover;--awb-width-large:100%;--awb-margin-top-large:0px;--awb-spacing-right-large:1.92%;--awb-margin-bottom-large:20px;--awb-spacing-left-large:1.92%;--awb-width-medium:100%;--awb-order-medium:0;--awb-spacing-right-medium:1.92%;--awb-spacing-left-medium:1.92%;--awb-width-small:100%;--awb-order-small:0;--awb-spacing-right-small:1.92%;--awb-spacing-left-small:1.92%;\"><div class=\"fusion-column-wrapper fusion-column-has-shadow fusion-flex-justify-content-flex-start fusion-content-layout-column\"><div class=\"fusion-content-boxes content-boxes columns row fusion-columns-4 fusion-columns-total-4 fusion-content-boxes-1 content-boxes-icon-boxed content-left texto-justificado\" style=\"--awb-backgroundcolor:#f5f5f5;--awb-iconcolor:#ffffff;--awb-hover-accent-color:#275765;--awb-circle-hover-accent-color:#275765;\" data-animationOffset=\"top-into-view\"><div style=\"--awb-backgroundcolor:#f5f5f5;--awb-iconcolor:#ffffff;\" class=\"fusion-column content-box-column content-box-column content-box-column-1 col-lg-3 col-md-3 col-sm-3 fusion-content-box-hover content-box-column-first-in-row\"><div class=\"col content-box-wrapper content-wrapper-background content-wrapper-boxed link-area-box link-type-text icon-hover-animation-slide\" data-link=\"https:\/\/www.abogadosbr.com\/ca\/serveis-advocats-barcelona\/advocats-laboralistes\/\" data-link-target=\"_self\" data-animationOffset=\"top-into-view\"><div class=\"heading heading-with-icon icon-left\"><a class=\"heading-link\" href=\"https:\/\/www.abogadosbr.com\/ca\/serveis-advocats-barcelona\/advocats-laboralistes\/\" target=\"_self\"><div class=\"icon\"><i style=\"border-color:#275765;border-width:1px;background-color:#275765;box-sizing:content-box;height:66px;width:66px;line-height:66px;top:-83px;margin-left:-33px;border-radius:10%;font-size:33px;\" aria-hidden=\"true\" class=\"fontawesome-icon fa-university fas circle-yes\"><\/i><\/div><h2 class=\"content-box-heading\" style=\"--h2_typography-font-size:24px;line-height:29px;\">Laboralistes<\/h2><\/a><\/div><div class=\"fusion-clearfix\"><\/div><div class=\"content-container\">\n<p>Comptem amb advocats i Graduats Socials especialistes en Dret Laboral i de la Seguretat Social i amb una dilatada experi\u00e8ncia, oferint assessorament i defensa lletrada en tota classe d&#8217;assumptes en mat\u00e8ria jur\u00eddic-laboral.<\/p>\n<\/div><\/div><\/div><div style=\"--awb-backgroundcolor:#f5f5f5;--awb-iconcolor:#ffffff;\" class=\"fusion-column content-box-column content-box-column content-box-column-2 col-lg-3 col-md-3 col-sm-3 fusion-content-box-hover \"><div class=\"col content-box-wrapper content-wrapper-background content-wrapper-boxed link-area-box link-type-text icon-hover-animation-slide\" data-link=\"https:\/\/www.abogadosbr.com\/ca\/serveis-advocats-barcelona\/advocats-herencia\/\" data-link-target=\"_self\" data-animationOffset=\"top-into-view\"><div class=\"heading heading-with-icon icon-left\"><a class=\"heading-link\" href=\"https:\/\/www.abogadosbr.com\/ca\/serveis-advocats-barcelona\/advocats-herencia\/\" target=\"_self\"><div class=\"icon\"><i style=\"border-color:#275765;border-width:1px;background-color:#275765;box-sizing:content-box;height:66px;width:66px;line-height:66px;top:-83px;margin-left:-33px;border-radius:10%;font-size:33px;\" aria-hidden=\"true\" class=\"fontawesome-icon fa-file-alt fas circle-yes\"><\/i><\/div><h2 class=\"content-box-heading\" style=\"--h2_typography-font-size:24px;line-height:29px;\">Her\u00e8ncia<\/h2><\/a><\/div><div class=\"fusion-clearfix\"><\/div><div class=\"content-container\">\n<p>En advocats BR aportem les solucions legals m\u00e9s apropiades, des de la preparaci\u00f3, la planificaci\u00f3 i la redacci\u00f3 del testament perqu\u00e8 es compleixi la seva voluntat en l&#8217;\u00e0mbit successori, fins a la liquidaci\u00f3 i\/o transmissi\u00f3 dels b\u00e9ns de l&#8217;her\u00e8ncia.<\/p>\n<\/div><\/div><\/div><div style=\"--awb-backgroundcolor:#f5f5f5;--awb-iconcolor:#ffffff;\" class=\"fusion-column content-box-column content-box-column content-box-column-3 col-lg-3 col-md-3 col-sm-3 fusion-content-box-hover \"><div class=\"col content-box-wrapper content-wrapper-background content-wrapper-boxed link-area-box link-type-text icon-hover-animation-slide\" data-link=\"https:\/\/www.abogadosbr.com\/ca\/serveis-advocats-barcelona\/advocats-divorci-i-familia\/\" data-link-target=\"_self\" data-animationOffset=\"top-into-view\"><div class=\"heading heading-with-icon icon-left\"><a class=\"heading-link\" href=\"https:\/\/www.abogadosbr.com\/ca\/serveis-advocats-barcelona\/advocats-divorci-i-familia\/\" target=\"_self\"><div class=\"icon\"><i style=\"border-color:#275765;border-width:1px;background-color:#275765;box-sizing:content-box;height:66px;width:66px;line-height:66px;top:-83px;margin-left:-33px;border-radius:10%;font-size:33px;\" aria-hidden=\"true\" class=\"fontawesome-icon fa-heartbeat fas circle-yes\"><\/i><\/div><h2 class=\"content-box-heading\" style=\"--h2_typography-font-size:24px;line-height:29px;\">Divorcis i Fam\u00edlia<\/h2><\/a><\/div><div class=\"fusion-clearfix\"><\/div><div class=\"content-container\">\n<p>El dret de fam\u00edlia \u00e9s una de les especialitats m\u00e9s complexes donada la transcend\u00e8ncia de les quals s&#8217;han d&#8217;abordar, aspectes relatius als fills, adjudicaci\u00f3 de b\u00e9ns familiars i fixaci\u00f3 de pensions a favor dels fills o el c\u00f2njuge.<\/p>\n<\/div><\/div><\/div><div style=\"--awb-backgroundcolor:#f5f5f5;--awb-iconcolor:#ffffff;\" class=\"fusion-column content-box-column content-box-column content-box-column-4 col-lg-3 col-md-3 col-sm-3 fusion-content-box-hover content-box-column-last content-box-column-last-in-row\"><div class=\"col content-box-wrapper content-wrapper-background content-wrapper-boxed link-area-box link-type-text icon-hover-animation-slide\" data-link=\"https:\/\/www.abogadosbr.com\/ca\/serveis-advocats-barcelona\/advocats-accidents-de-transit\/\" data-link-target=\"_self\" data-animationOffset=\"top-into-view\"><div class=\"heading heading-with-icon icon-left\"><a class=\"heading-link\" href=\"https:\/\/www.abogadosbr.com\/ca\/serveis-advocats-barcelona\/advocats-accidents-de-transit\/\" target=\"_self\"><div class=\"icon\"><i style=\"border-color:#275765;border-width:1px;background-color:#275765;box-sizing:content-box;height:66px;width:66px;line-height:66px;top:-83px;margin-left:-33px;border-radius:10%;font-size:33px;\" aria-hidden=\"true\" class=\"fontawesome-icon fa-road fas circle-yes\"><\/i><\/div><h2 class=\"content-box-heading\" style=\"--h2_typography-font-size:24px;line-height:29px;\">Tr\u00e0nsit<\/h2><\/a><\/div><div class=\"fusion-clearfix\"><\/div><div class=\"content-container\">\n<p>El nostre despatx estar\u00e0 amb vost\u00e8 des del primer moment per a ajudar-lo en tots els tr\u00e0mits necessaris a l&#8217;hora de triar centre m\u00e8dic, especialistes, coordinaci\u00f3 i seguiment de les seves lesions o reclamaci\u00f3 dels danys.<\/p>\n<\/div><\/div><\/div><div class=\"fusion-clearfix\"><\/div><\/div><div class=\"fusion-content-boxes content-boxes columns row fusion-columns-4 fusion-columns-total-4 fusion-content-boxes-2 content-boxes-icon-boxed content-left texto-justificado\" style=\"--awb-backgroundcolor:#f5f5f5;--awb-iconcolor:#ffffff;--awb-hover-accent-color:#275765;--awb-circle-hover-accent-color:#275765;\" data-animationOffset=\"top-into-view\"><div style=\"--awb-backgroundcolor:#f5f5f5;--awb-iconcolor:#ffffff;\" class=\"fusion-column content-box-column content-box-column content-box-column-1 col-lg-3 col-md-3 col-sm-3 fusion-content-box-hover content-box-column-first-in-row\"><div class=\"col content-box-wrapper content-wrapper-background content-wrapper-boxed link-area-box link-type-text icon-hover-animation-slide\" data-link=\"https:\/\/www.abogadosbr.com\/ca\/serveis-advocats-barcelona\/advocats-negligencies-mediques\/\" data-link-target=\"_self\" data-animationOffset=\"top-into-view\"><div class=\"heading heading-with-icon icon-left\"><a class=\"heading-link\" href=\"https:\/\/www.abogadosbr.com\/ca\/serveis-advocats-barcelona\/advocats-negligencies-mediques\/\" target=\"_self\"><div class=\"icon\"><i style=\"border-color:#275765;border-width:1px;background-color:#275765;box-sizing:content-box;height:66px;width:66px;line-height:66px;top:-83px;margin-left:-33px;border-radius:10%;font-size:33px;\" aria-hidden=\"true\" class=\"fontawesome-icon fa-h-square fas circle-yes\"><\/i><\/div><h2 class=\"content-box-heading\" style=\"--h2_typography-font-size:24px;line-height:29px;\">Neglig\u00e8ncies M\u00e8diques<\/h2><\/a><\/div><div class=\"fusion-clearfix\"><\/div><div class=\"content-container\">\n<p>La nostra intervenci\u00f3 consisteix a assessorar i estudiar en profunditat el seu cas al costat d&#8217;un equip de perits m\u00e8dics especialistes, i donar-li la nostra opini\u00f3 sobre la viabilitat d&#8217;una reclamaci\u00f3 arran d&#8217;una \u00abmala praxi\u00bb o neglig\u00e8ncia m\u00e8dica.<\/p>\n<\/div><\/div><\/div><div style=\"--awb-backgroundcolor:#f5f5f5;--awb-iconcolor:#ffffff;\" class=\"fusion-column content-box-column content-box-column content-box-column-2 col-lg-3 col-md-3 col-sm-3 fusion-content-box-hover \"><div class=\"col content-box-wrapper content-wrapper-background content-wrapper-boxed link-area-box link-type-text icon-hover-animation-slide\" data-link=\"https:\/\/www.abogadosbr.com\/ca\/serveis-advocats-barcelona\/advocats-dret-immobiliari\/\" data-link-target=\"_self\" data-animationOffset=\"top-into-view\"><div class=\"heading heading-with-icon icon-left\"><a class=\"heading-link\" href=\"https:\/\/www.abogadosbr.com\/ca\/serveis-advocats-barcelona\/advocats-dret-immobiliari\/\" target=\"_self\"><div class=\"icon\"><i style=\"border-color:#275765;border-width:1px;background-color:#275765;box-sizing:content-box;height:66px;width:66px;line-height:66px;top:-83px;margin-left:-33px;border-radius:10%;font-size:33px;\" aria-hidden=\"true\" class=\"fontawesome-icon fa-home fas circle-yes\"><\/i><\/div><h2 class=\"content-box-heading\" style=\"--h2_typography-font-size:24px;line-height:29px;\">Dret Immobiliari<\/h2><\/a><\/div><div class=\"fusion-clearfix\"><\/div><div class=\"content-container\">\n<p>Comptem amb advocats amb gran coneixement i pr\u00e0ctica en aquestes q\u00fcestions i en lleis de dret privat, tant a nivell d&#8217;assessorament com en l&#8217;\u00e0rea judicial davant els Tribunals i que presten un servei especialitzat i de qualitat.<\/p>\n<\/div><\/div><\/div><div style=\"--awb-backgroundcolor:#f5f5f5;--awb-iconcolor:#ffffff;\" class=\"fusion-column content-box-column content-box-column content-box-column-3 col-lg-3 col-md-3 col-sm-3 fusion-content-box-hover \"><div class=\"col content-box-wrapper content-wrapper-background content-wrapper-boxed link-area-box link-type-text icon-hover-animation-slide\" data-link=\"https:\/\/www.abogadosbr.com\/ca\/serveis-advocats-barcelona\/advocats-empreses\/\" data-link-target=\"_self\" data-animationOffset=\"top-into-view\"><div class=\"heading heading-with-icon icon-left\"><a class=\"heading-link\" href=\"https:\/\/www.abogadosbr.com\/ca\/serveis-advocats-barcelona\/advocats-empreses\/\" target=\"_self\"><div class=\"icon\"><i style=\"border-color:#275765;border-width:1px;background-color:#275765;box-sizing:content-box;height:66px;width:66px;line-height:66px;top:-83px;margin-left:-33px;border-radius:10%;font-size:33px;\" aria-hidden=\"true\" class=\"fontawesome-icon fa-building fas circle-yes\"><\/i><\/div><h2 class=\"content-box-heading\" style=\"--h2_typography-font-size:24px;line-height:29px;\">Empreses i Negocis<\/h2><\/a><\/div><div class=\"fusion-clearfix\"><\/div><div class=\"content-container\">\n<p>Oferim el millor assessorament i la m\u00e0xima professionalitat al servei del client comptant amb advocats especialistes i amb una xarxa de col\u00b7laboradors que ens permet donar un servei integral, especialitzat i de qualitat.<\/p>\n<\/div><\/div><\/div><div style=\"--awb-backgroundcolor:#f5f5f5;--awb-iconcolor:#ffffff;\" class=\"fusion-column content-box-column content-box-column content-box-column-4 col-lg-3 col-md-3 col-sm-3 fusion-content-box-hover content-box-column-last content-box-column-last-in-row\"><div class=\"col content-box-wrapper content-wrapper-background content-wrapper-boxed link-area-box link-type-text icon-hover-animation-slide\" data-link=\"https:\/\/www.abogadosbr.com\/ca\/serveis-advocats-barcelona\/advocats-penalistes\/\" data-link-target=\"_self\" data-animationOffset=\"top-into-view\"><div class=\"heading heading-with-icon icon-left\"><a class=\"heading-link\" href=\"https:\/\/www.abogadosbr.com\/ca\/serveis-advocats-barcelona\/advocats-penalistes\/\" target=\"_self\"><div class=\"icon\"><i style=\"border-color:#275765;border-width:1px;background-color:#275765;box-sizing:content-box;height:66px;width:66px;line-height:66px;top:-83px;margin-left:-33px;border-radius:10%;font-size:33px;\" aria-hidden=\"true\" class=\"fontawesome-icon fa-gavel fas circle-yes\"><\/i><\/div><h2 class=\"content-box-heading\" style=\"--h2_typography-font-size:24px;line-height:29px;\">Penalistes<\/h2><\/a><\/div><div class=\"fusion-clearfix\"><\/div><div class=\"content-container\">\n<p>Prestem assessorament a persones f\u00edsiques i jur\u00eddiques i exerceix davant els Tribunals la defensa dels seus interessos, tant si es troben en situaci\u00f3 d&#8217;investigades, com si pretenen exercitar accions penals i civils en qualitat d&#8217;acusaci\u00f3 particular.<\/p>\n<\/div><\/div><\/div><div class=\"fusion-clearfix\"><\/div><\/div><\/div><\/div><\/div><\/div><div class=\"fusion-fullwidth fullwidth-box fusion-builder-row-2 fusion-flex-container nonhundred-percent-fullwidth non-hundred-percent-height-scrolling\" style=\"--awb-border-radius-top-left:0px;--awb-border-radius-top-right:0px;--awb-border-radius-bottom-right:0px;--awb-border-radius-bottom-left:0px;--awb-background-color:#275765;--awb-flex-wrap:wrap;\" ><div class=\"fusion-builder-row fusion-row fusion-flex-align-items-flex-start fusion-flex-content-wrap\" style=\"max-width:1216.8px;margin-left: calc(-4% \/ 2 );margin-right: calc(-4% \/ 2 );\"><div class=\"fusion-layout-column fusion_builder_column fusion-builder-column-1 fusion_builder_column_1_1 1_1 fusion-flex-column\" style=\"--awb-bg-size:cover;--awb-width-large:100%;--awb-margin-top-large:0px;--awb-spacing-right-large:1.92%;--awb-margin-bottom-large:20px;--awb-spacing-left-large:1.92%;--awb-width-medium:100%;--awb-order-medium:0;--awb-spacing-right-medium:1.92%;--awb-spacing-left-medium:1.92%;--awb-width-small:100%;--awb-order-small:0;--awb-spacing-right-small:1.92%;--awb-spacing-left-small:1.92%;\"><div class=\"fusion-column-wrapper fusion-column-has-shadow fusion-flex-justify-content-flex-start fusion-content-layout-column\"><div class=\"fusion-title title fusion-title-1 fusion-sep-none fusion-title-center fusion-title-text fusion-title-size-three\" style=\"--awb-text-color:#ffffff;--awb-margin-top-small:10px;--awb-margin-right-small:0px;--awb-margin-bottom-small:10px;--awb-margin-left-small:0px;\"><h3 class=\"fusion-title-heading title-heading-center\" style=\"margin:0;\">Vols concertar la teva primera visita de manera gratu\u00efta?<\/h3><\/div><div style=\"text-align:center;\"><a class=\"fusion-button button-flat button-xlarge button-custom fusion-button-default button-1 fusion-button-default-span fusion-button-default-type\" style=\"--button_accent_color:#ffffff;--button_border_color:#ffffff;--button_accent_hover_color:#275765;--button_border_hover_color:#ffffff59;--button_border_width-top:1px;--button_border_width-right:1px;--button_border_width-bottom:1px;--button_border_width-left:1px;--button_gradient_top_color:rgba(255,255,255,0.35);--button_gradient_bottom_color:rgba(255,255,255,0.35);--button_gradient_top_color_hover:#ffffffe6;--button_gradient_bottom_color_hover:#ffffffe6;\" target=\"_self\" href=\"https:\/\/www.abogadosbr.com\/ca\/contacte\/\"><span class=\"fusion-button-text awb-button__text awb-button__text--default\">Truca&#8217;ns ara<\/span><i class=\"fa-arrow-circle-right fas awb-button__icon awb-button__icon--default button-icon-right\" aria-hidden=\"true\"><\/i><\/a><\/div><\/div><\/div><\/div><\/div><\/p>\n","protected":false},"excerpt":{"rendered":"","protected":false},"author":1,"featured_media":0,"parent":0,"menu_order":0,"comment_status":"closed","ping_status":"closed","template":"100-width.php","meta":{"footnotes":""},"class_list":["post-504","page","type-page","status-publish","hentry"],"aioseo_notices":[],"_links":{"self":[{"href":"https:\/\/www.abogadosbr.com\/ca\/wp-json\/wp\/v2\/pages\/504","targetHints":{"allow":["GET"]}}],"collection":[{"href":"https:\/\/www.abogadosbr.com\/ca\/wp-json\/wp\/v2\/pages"}],"about":[{"href":"https:\/\/www.abogadosbr.com\/ca\/wp-json\/wp\/v2\/types\/page"}],"author":[{"embeddable":true,"href":"https:\/\/www.abogadosbr.com\/ca\/wp-json\/wp\/v2\/users\/1"}],"replies":[{"embeddable":true,"href":"https:\/\/www.abogadosbr.com\/ca\/wp-json\/wp\/v2\/comments?post=504"}],"version-history":[{"count":14,"href":"https:\/\/www.abogadosbr.com\/ca\/wp-json\/wp\/v2\/pages\/504\/revisions"}],"predecessor-version":[{"id":673,"href":"https:\/\/www.abogadosbr.com\/ca\/wp-json\/wp\/v2\/pages\/504\/revisions\/673"}],"wp:attachment":[{"href":"https:\/\/www.abogadosbr.com\/ca\/wp-json\/wp\/v2\/media?parent=504"}],"curies":[{"name":"wp","href":"https:\/\/api.w.org\/{rel}","templated":true}]}}